{"id":1030,"date":"2021-02-19T14:56:20","date_gmt":"2021-02-19T14:56:20","guid":{"rendered":"http:\/\/www.ptf.us.edu.pl\/?page_id=1030"},"modified":"2022-05-10T21:17:38","modified_gmt":"2022-05-10T21:17:38","slug":"spotkania-dydaktyczne","status":"publish","type":"page","link":"https:\/\/www.ptf.us.edu.pl\/wordpress\/?page_id=1030","title":{"rendered":"Spotkania dydaktyczne"},"content":{"rendered":"<p style=\"text-align: center;\">Szanowni Pa\u0144stwo,<\/p>\n<p><b>Data wydarzenia<\/b> 8 czerwca 2022 r.<br \/>\nGodziny 17:00 &#8211; 19:00<\/p>\n<p>Polskie Towarzystwo Fizyczne Oddzia\u0142 w Katowicach, Instytut Fizyki Uniwersytetu \u015al\u0105skiego oraz Bielsko-Bialski O\u015brodek Doskonalenia Nauczycieli zapraszaj\u0105 nauczycieli fizyki na webinarium nt.: <b>\u201eIBL (Inquiry Based Learning-nauczanie przez dociekanie) na lekcjach fizyki i nie tylko &#8230; oczami nauczyciela i ucznia&#8221;<\/b>, kt\u00f3re odb\u0119dzie si\u0119 8 czerwca o godz. 17:00 na platformie ZOOM. Spotkanie poprowadzi Pani <b>Ma\u0142gorzata Szymura<\/b> \u2013 nauczycielka fizyki w Zespole Szk\u00f3\u0142 w Czerwionce-Leszczynach oraz w Szkole Podstawowej w Stanowicach, opiekunka Klubu M\u0142odych Odkrywc\u00f3w, trenerka KMO, nauczyciel dyplomowany z 19-letnim sta\u017cem pracy, laureatka wyr\u00f3\u017cnienia Rektora U\u015a za popularyzacj\u0119 nauki.<\/p>\n<p> W trakcie swojego wyst\u0105pienia Prelegentka opowie na czym polega praca metod\u0119 IBL oraz om\u00f3wi poziomy jej wdra\u017cania. Opowie r\u00f3wnie\u017c o tym, jak wprowadzi\u0142a IBL na lekcjach fizyki w ramach innowacji pedagogicznej. Ponadto zaprezentuje wyniki swoich bada\u0144 pedagogicznych prowadzonych w ramach mi\u0119dzynarodowego projektu \u201e3DiPhE &#8211; Trzy wymiary nauczania fizyki&#8221; (\u201eW jaki spos\u00f3b uczniowie podchodz\u0105 do metody IBL na lekcjach fizyki?&#8221;) oraz STAMPeD \u2013 Supporting Transitions Across Mathematics and Physics Education (\u201eProblem wektor\u00f3w na lekcjach fizyki&#8221;). W trakcie spotkania Pani Ma\u0142gorzata  przybli\u017cy s\u0142uchaczom za\u0142o\u017cenia programu Klub M\u0142odego Odkrywcy koordynowanego przez Centrum Nauki Kopernik, w kt\u00f3rym uczestniczy jako opiekun KMO \u201eKamerlik&#8221; oraz trener KMO reprezentuj\u0105cy partnera regionalnego programu czyli Uniwersytet \u015al\u0105ski.<\/p>\n<p>Zg\u0142oszenia prosimy przesy\u0142a\u0107 przez <a href=\"https:\/\/forms.gle\/wQzQu592Z495Zc9E9\">formularz zg\u0142oszeniowy<\/a>.<\/p>\n<p>Zapraszamy nauczycieli do przysy\u0142ania na adres <a href=\"mailto:ptf@us.edu.pl\">ptf@us.edu.pl<\/a> propozycji nast\u0119pnych temat\u00f3w do dyskusji. B\u0119dziemy si\u0119 stara\u0107 znale\u017a\u0107 do\u015bwiadczonych i kompetentnych\u00a0 pracownik\u00f3w naukowo-dydaktycznych do przeprowadzenia zaproponowanych przez Pa\u0144stwa warsztat\u00f3w.<\/p>\n<p>Informacja dost\u0119pna jest r\u00f3wnie\u017c przez stron\u0119 <a href=\"https:\/\/us.edu.pl\/instytut\/ifiz\/spotkania-dydaktyczne-z-fizyka\/\">www IF<\/a>.<\/p>\n<p><img decoding=\"async\" class=\"\" src=\"https:\/\/www.ptf.us.edu.pl\/wordpress\/wp-content\/uploads\/2015\/02\/ptf_logo-300x300.png\" alt=\"\" width=\"72\" height=\"72\" \/><img decoding=\"async\" class=\"\" src=\"https:\/\/www.ptf.us.edu.pl\/wordpress\/wp-content\/uploads\/2021\/02\/LOGO-BBODN-z-nazwa-i-telefon-300x54.png\" alt=\"\" width=\"267\" height=\"48\" \/><img decoding=\"async\" class=\"\" src=\"https:\/\/www.ptf.us.edu.pl\/wordpress\/wp-content\/uploads\/2021\/02\/uniwersytet-slaski_WNST_IF_logo_poziome_cmyk-300x66.png\" alt=\"\" width=\"232\" height=\"51\" \/><\/p>\n","protected":false},"excerpt":{"rendered":"<p>Szanowni Pa\u0144stwo, Data wydarzenia 8 czerwca 2022 r. Godziny 17:00 &#8211; 19:00 Polskie Towarzystwo Fizyczne Oddzia\u0142 w Katowicach, Instytut Fizyki Uniwersytetu \u015al\u0105skiego oraz Bielsko-Bialski O\u015brodek Doskonalenia Nauczycieli zapraszaj\u0105 nauczycieli fizyki na webinarium nt.: \u201eIBL (Inquiry Based Learning-nauczanie przez dociekanie) na lekcjach fizyki i nie tylko &#8230; oczami nauczyciela i ucznia&#8221;, kt\u00f3re odb\u0119dzie si\u0119 8 czerwca &hellip; <a href=\"https:\/\/www.ptf.us.edu.pl\/wordpress\/?page_id=1030\" class=\"more-link\">Czytaj dalej <span class=\"screen-reader-text\">Spotkania dydaktyczne<\/span> <span class=\"meta-nav\">&rarr;<\/span><\/a><\/p>\n","protected":false},"author":1,"featured_media":0,"parent":0,"menu_order":0,"comment_status":"closed","ping_status":"closed","template":"","meta":{"footnotes":""},"class_list":["post-1030","page","type-page","status-publish","hentry"],"_links":{"self":[{"href":"https:\/\/www.ptf.us.edu.pl\/wordpress\/index.php?rest_route=\/wp\/v2\/pages\/1030","targetHints":{"allow":["GET"]}}],"collection":[{"href":"https:\/\/www.ptf.us.edu.pl\/wordpress\/index.php?rest_route=\/wp\/v2\/pages"}],"about":[{"href":"https:\/\/www.ptf.us.edu.pl\/wordpress\/index.php?rest_route=\/wp\/v2\/types\/page"}],"author":[{"embeddable":true,"href":"https:\/\/www.ptf.us.edu.pl\/wordpress\/index.php?rest_route=\/wp\/v2\/users\/1"}],"replies":[{"embeddable":true,"href":"https:\/\/www.ptf.us.edu.pl\/wordpress\/index.php?rest_route=%2Fwp%2Fv2%2Fcomments&post=1030"}],"version-history":[{"count":12,"href":"https:\/\/www.ptf.us.edu.pl\/wordpress\/index.php?rest_route=\/wp\/v2\/pages\/1030\/revisions"}],"predecessor-version":[{"id":1267,"href":"https:\/\/www.ptf.us.edu.pl\/wordpress\/index.php?rest_route=\/wp\/v2\/pages\/1030\/revisions\/1267"}],"wp:attachment":[{"href":"https:\/\/www.ptf.us.edu.pl\/wordpress\/index.php?rest_route=%2Fwp%2Fv2%2Fmedia&parent=1030"}],"curies":[{"name":"wp","href":"https:\/\/api.w.org\/{rel}","templated":true}]}}