{"id":171,"date":"2015-01-27T00:09:04","date_gmt":"2015-01-27T00:09:04","guid":{"rendered":"http:\/\/www.ptf.us.edu.pl\/wordpress\/?page_id=171"},"modified":"2025-01-15T14:54:33","modified_gmt":"2025-01-15T13:54:33","slug":"o-towarzystwie","status":"publish","type":"page","link":"https:\/\/www.ptf.us.edu.pl\/wordpress\/?page_id=171","title":{"rendered":"O Towarzystwie"},"content":{"rendered":"<h3>O Polskim Towarzystwie Fizycznym:<\/h3>\n<div class=\"text_area\">\n<p>Celami dzia\u0142ania <span class=\"b\">PTF<\/span> s\u0105:<\/p>\n<ul class=\"lista\">\n<li>upowszechnianie fizyki i nauk pokrewnych, podnoszenie og\u00f3lnego poziomu wiedzy fizycznej w spo\u0142ecze\u0144stwie oraz popieranie rozwoju fizyki w Polsce,<\/li>\n<li>rozwijanie wi\u0119zi mi\u0119dzy fizykami zatrudnionymi w o\u015bwiacie, w nauce oraz w r\u00f3\u017cnych ga\u0142\u0119ziach gospodarki,<\/li>\n<li>reprezentowanie \u015brodowiska fizyk\u00f3w w spo\u0142ecze\u0144stwie, wobec organ\u00f3w pa\u0144stwowych, samorz\u0105dowych, a tak\u017ce innych organizacji publicznych i prywatnych w kraju oraz za granic\u0105.<\/li>\n<\/ul>\n<p><span class=\"b\">PTF<\/span> realizuje swoje cele w szczeg\u00f3lno\u015bci przez:<\/p>\n<ul class=\"lista\">\n<li>wspieranie lub organizowanie bada\u0144 w dziedzinie fizyki, ich nagradzanie oraz upowszechnianie,<\/li>\n<li>dzia\u0142alno\u015b\u0107 wydawnicz\u0105 z dziedziny fizyki i jej zastosowa\u0144,<\/li>\n<li>popieranie i nagradzanie dzia\u0142alno\u015bci dydaktycznej zwi\u0105zanej z nauczaniem fizyki na wszystkich poziomach,<\/li>\n<li>wspieranie popularyzacji fizyki i jej osi\u0105gni\u0119\u0107,<\/li>\n<li>organizowanie i rozwijanie wsp\u00f3\u0142pracy z krajowymi i zagranicznymi instytucjami i towarzystwami naukowymi.<\/li>\n<\/ul>\n<\/div>\n<hr \/>\n<h4>Obecny zarz\u0105d oddzia\u0142u katowickiego (2025-2026):<\/h4>\n<div class=\"text_area\">\n<ul>\n<li><b>przewodnicz\u0105cy: dr hab. Pawe\u0142 Zajdel, prof. U\u015a: <\/b>Uko\u0144czy\u0142 III L.O. im Adama Mickiewicza w Katowicach. Magisterium i doktorat w zakresie fizyki fazy skondensowanej uzyska\u0142 w Instytucie Fizyki Uniwersytetu Jagiello\u0144skiego w Krakowie. Habilitacja w IF U\u015a. Zajmuje si\u0119 badaniami strukturalnymi: dyfrakcj\u0105 rentgenowsk\u0105 i neutronow\u0105, absorpcj\u0105 przykraw\u0119dziow\u0105 (XANES, EXAFS) oraz ich zwi\u0105zkiem z symetri\u0105 i struktur\u0105 elektronow\u0105 materia\u0142\u00f3w. <a href=\"http:\/\/www.researcherid.com\/rid\/B-7574-2013\">http:\/\/www.researcherid.com\/rid\/B-7574-2013<br \/>\n<\/a>E-mail: pawel.zajdel_at_us.edu.pl<\/li>\n<li><b>sekretarz: dr Andrzej Wilczek: <\/b>E-mail: andrzej.wilczek_at_us.edu.pl<strong><br \/>\n<\/strong><\/li>\n<li><b>skarbnik: dr hab. Dariusz Kajewski:<\/b>\u00a0 E-mail:dariusz.kajewski_at_us.edu.pl<\/li>\n<li><b>cz\u0142onek zarz\u0105du: prof. dr hab. Gra\u017cyna Che\u0142kowska<\/b><\/li>\n<li><b>cz\u0142onek zarz\u0105du: dr Joanna Grecka-Otremba<\/b><\/li>\n<li><b>cz\u0142onek zarz\u0105du: dr Zenon Kuku\u0142a<br \/>\n<\/b><\/li>\n<li><b>cz\u0142onek zarz\u0105du: prof. dr hab. Sebastian Pawlus<\/b><\/li>\n<li><b>cz\u0142onek zarz\u0105du: prof. dr hab. Jan S\u0142adkowski<\/b><\/li>\n<\/ul>\n<h3 id=\"h3\">Komisja rewizyjna<\/h3>\n<ul>\n<li>dr Bartosz Dziewit<\/li>\n<li>dr hab. Barbara K\u0142os, prof. U\u015a<\/li>\n<li>dr hab. El\u017cbieta Stephan, prof. U\u015a<\/li>\n<\/ul>\n<\/div>\n<hr \/>\n<h4>Zarz\u0105d oddzia\u0142u katowickiego (2023-2024):<\/h4>\n<ul>\n<li style=\"text-align: justify;\"><b>dr hab. Pawe\u0142 Zajdel: <\/b>Uko\u0144czy\u0142 III L.O. im Adama Mickiewicza w Katowicach. Magisterium i doktorat w zakresie fizyki fazy skondensowanej uzyska\u0142 w Instytucie Fizyki Uniwersytetu Jagiello\u0144skiego w Krakowie. Habilitacja w IF U\u015a. Zajmuje si\u0119 badaniami strukturalnymi: dyfrakcj\u0105 rentgenowsk\u0105 i neutronow\u0105, absorpcj\u0105 przykraw\u0119dziow\u0105 (XANES, EXAFS) oraz ich zwi\u0105zkiem z symetri\u0105 i struktur\u0105 elektronow\u0105 materia\u0142\u00f3w. <a href=\"http:\/\/www.researcherid.com\/rid\/B-7574-2013\">http:\/\/www.researcherid.com\/rid\/B-7574-2013<br \/>\n<\/a>E-mail: pawel.zajdel_at_us.edu.pl<\/li>\n<li style=\"text-align: justify;\"><b>sekretarz: dr Andrzej Wilczek: <\/b>E-mail: andrzej.wilczek_at_us.edu.pl<strong><br \/>\n<\/strong><\/li>\n<li style=\"text-align: justify;\"><b>skarbnik: dr hab. Dariusz Kajewski:<\/b>\u00a0 E-mail:dariusz.kajewski_at_us.edu.pl<strong><br \/>\n<\/strong><\/li>\n<li><b>cz\u0142onek zarz\u0105du: prof. dr hab. Zofia Drzazga <\/b><\/li>\n<li><b>cz\u0142onek zarz\u0105du: prof. dr hab. Gra\u017cyna Che\u0142kowska<\/b><\/li>\n<li><b>cz\u0142onek zarz\u0105du: mgr Janina Kula: <\/b>Uko\u0144czone IV Liceum Og\u00f3lnokszta\u0142c\u0105ce im. Komisji Edukacji Narodowej w Bielsku-Bia\u0142ej oraz studia na kierunku Fizyka Wydzia\u0142u Matematyki, Fizyki i Chemii Uniwersytetu \u015al\u0105skiego w Katowicach. Wieloletni dyplomowany nauczyciel fizyki IV LO im. KEN, aktualnie pracuje w V LO o profilu matematyczno-fizyczno-informatycznym oraz w LO KTK w Bielsku-Bia\u0142ej. Jest wpisana do ewidencji egzaminator\u00f3w egzaminu maturalnego z fizyki z astronomi\u0105 CKE w Warszawie, wykonuj\u0105c zadania egzaminatora w OKE (Jaworzno) oraz na list\u0119 ekspert\u00f3w komisji kwalifikacyjnych lub egzaminacyjnych dla nauczycieli ubiegaj\u0105cych si\u0119 o awans zawodowy MENiS uczestnicz\u0105c w pracach tych komisji. Jest cz\u0142onkiem Komitetu Doradczego Og\u00f3lnopolskiego Konkursu \u201eFizyczne \u015acie\u017cki\u201d organizowanego przez Narodowe Centrum Bada\u0144 J\u0105drowych w \u015awierku i Instytut Fizyki Polskiej Akademii Nauk w Warszawie. Razem z uczniami uczestniczy\u0142a min. w trzech programach \u201eComenius\u201d organizowanych w szkole, w projekcie \u201eFuzja\u201d zwi\u0105zanego z budow\u0105 reaktora ITER w Cadarache koordynowanym przez Instytut Fizyki Plazmy i Laserowej Mikrosyntezy w Warszawie, w programie Bogolubow \u2013 Infeld prowadzonym przez Uniwersytet im. A. Mickiewicza w Poznaniu oraz ZIBJ w Dubnej, oraz w projekcie \u201ePolscy nauczyciele w CERN\u201d prowadzonym przez IF U\u015al, dzi\u0119ki kt\u00f3rym uczniowie bielskich szk\u00f3\u0142 pojechali do Dubnej oraz do CERN i innych o\u015brodk\u00f3w naukowych w Polsce. W 2013r. Uczestniczy\u0142a w Festiwalu Science on Stage w S\u0142ubicach oraz we Frankfurcie nad Odr\u0105. Wsp\u00f3\u0142pracuje z pracownikami Pracowni Fizycznej Pa\u0142acu M\u0142odzie\u017cy w Katowicach, ATH oraz z Wydzia\u0142u Ochrony \u015arodowiska i Energii Urz\u0119du Miasta w Bielsku-Bia\u0142ej.<\/li>\n<li><b>cz\u0142onek zarz\u0105du: dr hab. Sebastian Pawlus<\/b><\/li>\n<li><b>cz\u0142onek zarz\u0105du: dr Zenon Kuku\u0142a<\/b><\/li>\n<\/ul>\n<div>\n<h3 id=\"h3\"><span style=\"color: #333333;\">Komisja rewizyjna<\/span><\/h3>\n<ul>\n<li>przewodnicz\u0105cy: dr hab. Andrzej Molak<\/li>\n<li>cz\u0142onek: prof. dr hab. Janusz Gluza<\/li>\n<li>cz\u0142onek: dr Bartosz Dziewit<\/li>\n<\/ul>\n<\/div>\n<hr \/>\n<h4><span style=\"color: #333333;\">Zarz\u0105d oddzia\u0142u katowickiego (2021-2022):<\/span><\/h4>\n<ul>\n<li style=\"text-align: justify;\"><strong>przewodnicz\u0105cy: dr hab. Pawe\u0142 Zajdel<br \/>\n<\/strong><\/li>\n<\/ul>\n<ul>\n<li style=\"list-style-type: none;\">\n<ul>\n<li style=\"text-align: justify;\"><strong>sekretarz: dr Zenon Kuku\u0142a <\/strong><strong><br \/>\n<\/strong><\/li>\n<li><strong>skarbnik: dr hab. Dariusz Kajewski <\/strong><\/li>\n<li><b>cz\u0142onek zarz\u0105du: mgr Janina Kula<\/b><\/li>\n<li><b>cz\u0142onek zarz\u0105du: prof. dr hab. Janusz Gluza<\/b><\/li>\n<li><b>cz\u0142onek zarz\u0105du: dr Andrzej Wilczek (od X.2021)<\/b><\/li>\n<li><b>cz\u0142onek zarz\u0105du: mgr in\u017c. Dorota Didik (do X.2021)<\/b><\/li>\n<\/ul>\n<\/li>\n<\/ul>\n<p>&nbsp;<\/p>\n<div>\n<h3 id=\"h3\"><span style=\"color: #333333;\">Komisja rewizyjna<\/span><\/h3>\n<ul>\n<li>przewodnicz\u0105cy: dr hab. Andrzej Molak<\/li>\n<li>cz\u0142onek: prof. dr hab. Joachim Kusz<\/li>\n<li>cz\u0142onek: dr Bartosz Dziewit<\/li>\n<\/ul>\n<\/div>\n<p>&nbsp;<\/p>\n<hr \/>\n<h4><span style=\"color: #333333;\">Zarz\u0105d oddzia\u0142u katowickiego (2019-2020):<\/span><\/h4>\n<figure id=\"attachment_98\" aria-describedby=\"caption-attachment-98\" style=\"width: 340px\" class=\"wp-caption aligncenter\"><img decoding=\"async\" class=\"KLASA wp-image-98\" src=\"https:\/\/www.ptf.us.edu.pl\/wordpress\/wp-content\/uploads\/2015\/01\/zarzad-300x129.jpg\" alt=\"Zarz\u0105d PTF oddzia\u0142 Katowicki\" width=\"340\" height=\"146\" srcset=\"https:\/\/www.ptf.us.edu.pl\/wordpress\/wp-content\/uploads\/2015\/01\/zarzad-300x129.jpg 300w, https:\/\/www.ptf.us.edu.pl\/wordpress\/wp-content\/uploads\/2015\/01\/zarzad.jpg 466w\" sizes=\"(max-width: 340px) 100vw, 340px\" \/><figcaption id=\"caption-attachment-98\" class=\"wp-caption-text\">Od lewej: Zenon Kuku\u0142a, Pawe\u0142 Zajdel, Gra\u017cyna Jackowicz-Korczy\u0144ska, Janusz Gluza, Jerzy Jarosz<\/figcaption><\/figure>\n<ul>\n<li style=\"text-align: justify;\"><strong>przewodnicz\u0105cy: prof. dr hab. Janusz Gluza<br \/>\n<\/strong><\/li>\n<\/ul>\n<ul>\n<li style=\"text-align: justify;\"><strong>sekretarz: dr Zenon Kuku\u0142a <\/strong><strong><br \/>\n<\/strong><\/li>\n<li><strong>skarbnik: dr hab. Pawe\u0142 Zajdel <\/strong><\/li>\n<li><b>cz\u0142onek zarz\u0105du: prof. dr hab. Gra\u017cyna Che\u0142kowska<\/b><\/li>\n<li><b>cz\u0142onek zarz\u0105du: mgr Gra\u017cyna Jackowicz-Korczy\u0144ska <\/b><\/li>\n<li><b>Korespondent:dr Aleksandra Pi\u00f3rkowska-Kurpas<br \/>\n<\/b><\/li>\n<\/ul>\n<div>\n<h3 id=\"h3\"><span style=\"color: #333333;\">Komisja rewizyjna<\/span><\/h3>\n<ul>\n<li>przewodnicz\u0105cy: dr hab. Andrzej Molak<\/li>\n<li>cz\u0142onek: prof. dr hab. Joachim Kusz<\/li>\n<\/ul>\n<\/div>\n<p>&nbsp;<\/p>\n<hr \/>\n<h4><span style=\"color: #333333;\">Zarz\u0105d oddzia\u0142u katowickiego (2017-2018):<\/span><\/h4>\n<figure id=\"attachment_98\" aria-describedby=\"caption-attachment-98\" style=\"width: 340px\" class=\"wp-caption aligncenter\"><img decoding=\"async\" class=\"KLASA wp-image-98\" src=\"https:\/\/www.ptf.us.edu.pl\/wordpress\/wp-content\/uploads\/2015\/01\/zarzad-300x129.jpg\" alt=\"Zarz\u0105d PTF oddzia\u0142 Katowicki\" width=\"340\" height=\"146\" srcset=\"https:\/\/www.ptf.us.edu.pl\/wordpress\/wp-content\/uploads\/2015\/01\/zarzad-300x129.jpg 300w, https:\/\/www.ptf.us.edu.pl\/wordpress\/wp-content\/uploads\/2015\/01\/zarzad.jpg 466w\" sizes=\"(max-width: 340px) 100vw, 340px\" \/><figcaption id=\"caption-attachment-98\" class=\"wp-caption-text\">Od lewej: Zenon Kuku\u0142a, Pawe\u0142 Zajdel, Gra\u017cyna Jackowicz-Korczy\u0144ska, Janusz Gluza, Jerzy Jarosz<\/figcaption><\/figure>\n<ul>\n<li style=\"text-align: justify;\"><strong>przewodnicz\u0105cy: prof. dr hab. Janusz Gluza<br \/>\n<\/strong><\/li>\n<\/ul>\n<ul>\n<li style=\"text-align: justify;\"><strong>sekretarz: dr Zenon Kuku\u0142a <\/strong><strong><br \/>\n<\/strong><\/li>\n<li><strong>skarbnik: dr hab. Pawe\u0142 Zajdel <\/strong><\/li>\n<li><strong>cz\u0142onek zarz\u0105du: dr Jerzy Jarosz <\/strong><\/li>\n<li><b>cz\u0142onek zarz\u0105du: mgr Gra\u017cyna Jackowicz-Korczy\u0144ska <\/b><\/li>\n<li><b>Korespondent: Monika Richter<br \/>\n<\/b><\/li>\n<\/ul>\n<div>\n<h3 id=\"h3\"><span style=\"color: #333333;\">Komisja rewizyjna<\/span><\/h3>\n<ul>\n<li>przewodnicz\u0105cy: prof. dr hab. Wiktor Zipper<\/li>\n<li>cz\u0142onek: dr hab. Andrzej Molak<\/li>\n<\/ul>\n<\/div>\n<div>\n<hr \/>\n<h4><span style=\"color: #333333;\">Zarz\u0105d oddzia\u0142u katowickiego (2015-2016):<\/span><\/h4>\n<ul>\n<li style=\"text-align: justify;\"><strong>przewodnicz\u0105cy: prof. dr hab. Janusz Gluza<br \/>\n<\/strong><\/li>\n<\/ul>\n<ul>\n<li style=\"text-align: justify;\"><strong>sekretarz: dr Zenon Kuku\u0142a <\/strong><strong><br \/>\n<\/strong><\/li>\n<li><strong>skarbnik: dr Pawe\u0142 Zajdel <\/strong><\/li>\n<li><strong>cz\u0142onek zarz\u0105du: dr Jerzy Jarosz <\/strong><\/li>\n<li><b>cz\u0142onek zarz\u0105du: mgr Gra\u017cyna Jackowicz-Korczy\u0144ska <\/b><\/li>\n<li><b>Korespondent: Monika Richter<br \/>\n<\/b><\/li>\n<\/ul>\n<div>\n<h3 id=\"h3\"><span style=\"color: #333333;\">Komisja rewizyjna<\/span><\/h3>\n<ul>\n<li>przewodnicz\u0105cy: prof. dr hab. Wiktor Zipper<\/li>\n<li>cz\u0142onek: prof. dr hab. Jerzy \u0141uczka<\/li>\n<\/ul>\n<\/div>\n<h4>Zarz\u0105d w latach 2013-2014:<\/h4>\n<\/div>\n<ul>\n<li lang=\"pl-PL\"><span style=\"font-family: 'Book Antiqua', serif; color: #808080;\"><span style=\"font-size: medium;\">przewodnicz\u0105cy: dr hab. Andrzej Molak, <\/span><\/span><\/li>\n<li lang=\"pl-PL\"><span style=\"color: #808080;\">sekretarz: dr Zenon Kuku\u0142a<\/span><\/li>\n<li lang=\"pl-PL\"><span style=\"font-family: 'Book Antiqua', serif; color: #808080;\"><span style=\"font-size: medium;\">skarbnik: dr Pawe\u0142 Zajdel<\/span><\/span><\/li>\n<li lang=\"pl-PL\"><span style=\"color: #808080;\">cz\u0142onek zarz\u0105du: prof. dr hab. El\u017cbieta Zipper<\/span><\/li>\n<li lang=\"pl-PL\"><span style=\"font-family: 'Book Antiqua', serif; color: #808080;\"><span style=\"font-size: medium;\">cz\u0142onek zarz\u0105du: dr Jerzy Jarosz<\/span><\/span><\/li>\n<li lang=\"pl-PL\"><span style=\"font-family: 'Book Antiqua', serif; color: #808080;\"><span style=\"font-size: medium;\">cz\u0142onek zarz\u0105du: prof. dr hab. Maciej Ma\u015bka<\/span><\/span><\/li>\n<\/ul>\n<hr \/>\n<h4><span style=\"color: #808080;\">Zarz\u0105d w latach 2008-2010:<\/span><\/h4>\n<ul>\n<li><span style=\"color: #808080;\">przewodnicz\u0105cy: prof. dr hab. Wiktor Zipper<\/span><\/li>\n<li><span style=\"color: #808080;\">sekretarz: dr El\u017cbieta Stephan<\/span><\/li>\n<li><span style=\"color: #808080;\">skarbnik: dr Pawe\u0142 Zajdel<\/span><\/li>\n<li><span style=\"color: #808080;\">cz\u0142onkowie zarz\u0105du: dr Jerzy Jarosz<\/span><\/li>\n<li><span style=\"color: #808080;\">dr Beata Koz\u0142owska<\/span><\/li>\n<li><span style=\"color: #808080;\">prof. dr hab. El\u017cbieta Zipper<\/span><\/li>\n<li><span style=\"color: #808080;\">prof. dr hab. Marek Zra\u0142ek<\/span><\/li>\n<\/ul>\n<div>\n<h4 id=\"h3\"><span style=\"color: #808080;\">Komisja rewizyjna:<\/span><\/h4>\n<ul>\n<li><span style=\"color: #808080;\">dr hab. Marek Siemaszko<\/span><\/li>\n<li><span style=\"color: #808080;\">dr hab. Andrzej Hacura<\/span><\/li>\n<li><span style=\"color: #808080;\">prof. dr hab. Jerzy \u0141uczka<\/span><\/li>\n<\/ul>\n<p>&nbsp;<\/p>\n<\/div>\n","protected":false},"excerpt":{"rendered":"<p>O Polskim Towarzystwie Fizycznym: Celami dzia\u0142ania PTF s\u0105: upowszechnianie fizyki i nauk pokrewnych, podnoszenie og\u00f3lnego poziomu wiedzy fizycznej w spo\u0142ecze\u0144stwie oraz popieranie rozwoju fizyki w Polsce, rozwijanie wi\u0119zi mi\u0119dzy fizykami zatrudnionymi w o\u015bwiacie, w nauce oraz w r\u00f3\u017cnych ga\u0142\u0119ziach gospodarki, reprezentowanie \u015brodowiska fizyk\u00f3w w spo\u0142ecze\u0144stwie, wobec organ\u00f3w pa\u0144stwowych, samorz\u0105dowych, a tak\u017ce innych organizacji publicznych i &hellip; <a href=\"https:\/\/www.ptf.us.edu.pl\/wordpress\/?page_id=171\" class=\"more-link\">Czytaj dalej <span class=\"screen-reader-text\">O Towarzystwie<\/span> <span class=\"meta-nav\">&rarr;<\/span><\/a><\/p>\n","protected":false},"author":1,"featured_media":0,"parent":0,"menu_order":0,"comment_status":"closed","ping_status":"closed","template":"","meta":{"footnotes":""},"class_list":["post-171","page","type-page","status-publish","hentry"],"_links":{"self":[{"href":"https:\/\/www.ptf.us.edu.pl\/wordpress\/index.php?rest_route=\/wp\/v2\/pages\/171","targetHints":{"allow":["GET"]}}],"collection":[{"href":"https:\/\/www.ptf.us.edu.pl\/wordpress\/index.php?rest_route=\/wp\/v2\/pages"}],"about":[{"href":"https:\/\/www.ptf.us.edu.pl\/wordpress\/index.php?rest_route=\/wp\/v2\/types\/page"}],"author":[{"embeddable":true,"href":"https:\/\/www.ptf.us.edu.pl\/wordpress\/index.php?rest_route=\/wp\/v2\/users\/1"}],"replies":[{"embeddable":true,"href":"https:\/\/www.ptf.us.edu.pl\/wordpress\/index.php?rest_route=%2Fwp%2Fv2%2Fcomments&post=171"}],"version-history":[{"count":10,"href":"https:\/\/www.ptf.us.edu.pl\/wordpress\/index.php?rest_route=\/wp\/v2\/pages\/171\/revisions"}],"predecessor-version":[{"id":1192,"href":"https:\/\/www.ptf.us.edu.pl\/wordpress\/index.php?rest_route=\/wp\/v2\/pages\/171\/revisions\/1192"}],"wp:attachment":[{"href":"https:\/\/www.ptf.us.edu.pl\/wordpress\/index.php?rest_route=%2Fwp%2Fv2%2Fmedia&parent=171"}],"curies":[{"name":"wp","href":"https:\/\/api.w.org\/{rel}","templated":true}]}}