{"id":20,"date":"2015-01-04T22:30:08","date_gmt":"2015-01-04T22:30:08","guid":{"rendered":"http:\/\/www.ptf.us.edu.pl\/wordpress\/?page_id=20"},"modified":"2026-03-31T09:46:39","modified_gmt":"2026-03-31T07:46:39","slug":"20-2","status":"publish","type":"page","link":"https:\/\/www.ptf.us.edu.pl\/wordpress\/","title":{"rendered":""},"content":{"rendered":"\t\t<div data-elementor-type=\"wp-page\" data-elementor-id=\"20\" class=\"elementor elementor-20\">\n\t\t\t\t\t\t<section class=\"elementor-section elementor-top-section elementor-element elementor-element-145bfb9c elementor-section-boxed elementor-section-height-default elementor-section-height-default\" data-id=\"145bfb9c\" data-element_type=\"section\" data-e-type=\"section\">\n\t\t\t\t\t\t<div class=\"elementor-container elementor-column-gap-default\">\n\t\t\t\t\t<div class=\"elementor-column elementor-col-50 elementor-top-column elementor-element elementor-element-74e0141d\" data-id=\"74e0141d\" data-element_type=\"column\" data-e-type=\"column\">\n\t\t\t<div class=\"elementor-widget-wrap elementor-element-populated\">\n\t\t\t\t\t\t<div class=\"elementor-element elementor-element-4b7215 elementor-widget elementor-widget-text-editor\" data-id=\"4b7215\" data-element_type=\"widget\" data-e-type=\"widget\" data-widget_type=\"text-editor.default\">\n\t\t\t\t<div class=\"elementor-widget-container\">\n\t\t\t\t\t\t\t\t\t<p><img decoding=\"async\" class=\"alignleft\" src=\"https:\/\/www.ptf.net.pl\/sites\/default\/files\/styles\/ilustracja_okladka_pf\/public\/PF\/PF_1_2026.jpg\" alt=\"Ok\u0142adka Post\u0119p\u00f3w Fizyki 1\/2026\" width=\"161\" height=\"228\" \/><\/p><p>Zapraszamy do lektury <a href=\"https:\/\/www.ptf.net.pl\/PF77\/1\">najnowszego numeru Post\u0119p\u00f3w Fizyki<\/a>. Jest to pierwszy numer, w kt\u00f3ry praca nowej redakcji, starannie dobranej przez zwyci\u0119zc\u0119 zesz\u0142orocznego konkursu na Redaktora Naczelnego czasopisma, prof. dr. hab. Jerzego Garbarczyka z Politechniki Warszawskiej, pe\u0142ni\u0105cego swoj\u0105 funkcj\u0119 od 1 stycznia 2026, wpisa\u0142a si\u0119 g\u0142\u0119bok\u0105 reform\u0105 koncepcyjn\u0105 oraz od\u015bwie\u017ceniem szaty graficznej. <a href=\"https:\/\/www.ptf.net.pl\/PF\/archiwum\">Wersja elektroniczna czasopisma<\/a> jest ca\u0142kowicie bezp\u0142atna.<\/p><p>Aby u\u0142atwi\u0107 lektur\u0119 tekst\u00f3w naukowych pocz\u0105tkuj\u0105cym czytelnikom, a tak\u017ce szybkie przypomnienie sobie ich zawarto\u015bci, wprowadzone zosta\u0142o popularnonaukowe podsumowanie na zako\u0144czenie ka\u017cdego artyku\u0142u. Czasopismo podzielono na trzy dzia\u0142y: &#8222;Badania i perspektywy&#8221; (artyku\u0142y naukowe, &#8222;Kwarta\u0142 nauki&#8221; &#8211; aktualne podsumowanie najwa\u017cniejszych osi\u0105gni\u0119\u0107 naukowych polskiej fizyki), &#8222;Szko\u0142a i uczelnia&#8221; (zagadnienia dydaktyki szkolnej oraz akademickiej) oraz &#8222;Ludzie i wydarzenia&#8221; (artyku\u0142y historyczne, wywiady, wspomnienia cz\u0142onk\u00f3w, oraz &#8222;Kronika PTF&#8221;).<\/p><p>W numerze 1\/2026 zawarto dwa artyku\u0142y naukowe, dotycz\u0105ce opisu kwantowego \u015bwiata za pomoc\u0105 superkomputer\u00f3w oraz zastosowania luminescencyjnych materia\u0142\u00f3w koloidalnych w bioczujnikach. Druga cz\u0119\u015b\u0107 zawiera wywiad z wybitnym nauczycielem laureat\u00f3w i finalist\u00f3w Olimpiady Fizycznej oraz artyku\u0142 o dylematach dydaktyka fizyki. Na deser &#8211; druga cz\u0119\u015b\u0107 w\u0142asnej, ponadsiedemdziesi\u0119ciopi\u0119cioletniej historii czasopisma.<\/p><p>Do reformy czasopisma przyczyni\u0142y si\u0119 r\u00f3wnie\u017c osoby zwi\u0105zane z katowickim oddzia\u0142em PTF: cz\u0142onkami Rady Redakcyjnej PF s\u0105 prof. dr hab. Gra\u017cyna Che\u0142kowska oraz dr Andrzej Wilczek. Byli oni r\u00f3wnie\u017c cz\u0142onkami Komisji Konkursowej w konkursie na stanowisko Redaktora Naczelnego czasopisma &#8222;Post\u0119py Fizyki&#8221;, kt\u00f3ra jednomy\u015blnie zarekomendowa\u0142a powo\u0142anie prof. Garbarczyka na stanowisko.<\/p><p>Zapraszamy r\u00f3wnie\u017c do lektury <a href=\"https:\/\/www.ptf.net.pl\/biuletyn\">miesi\u0119cznika Biuletyn PTF<\/a>, przygotowywanego przez Biuro Medialne PTF, kt\u00f3ry od pocz\u0105tku roku jest elektronicznym dodatkiem do Post\u0119p\u00f3w Fizyki. Ka\u017cdy numer zawiera zaproszenia na wydarzenia, zwi\u0105zane z fizyk\u0105, kt\u00f3re odbywaj\u0105 si\u0119 w poszczeg\u00f3lnych polskich o\u015brodkach naukowych, a tak\u017ce mie\u015bci podsumowania z dzia\u0142alno\u015bci popularyzatorskiej i naukowej poprzedniego miesi\u0105ca. Oddzia\u0142 katowicki w Biurze Medialnym reprezentuje dr Andrzej Wilczek i jest <a href=\"mailto:andrzej.wilczek(w_domenie)us.edu.pl\">osob\u0105 kontaktow\u0105<\/a> w przypadku ch\u0119ci rozpropagowania wydarze\u0144 promuj\u0105cych fizyk\u0119 na terenie oddzia\u0142u katowickiego i gliwickiego.<\/p><hr \/><p><img fetchpriority=\"high\" decoding=\"async\" class=\"alignleft\" src=\"https:\/\/us.edu.pl\/wydzial\/wnst\/wp-content\/uploads\/sites\/18\/Bez-kategorii\/plakat-XX-SLPi-458x575.png\" alt=\"Plakat \u015awi\u0119to Liczby pi 2026 \" width=\"208\" height=\"261\" \/><\/p><p>Oddzia\u0142 katowicki Polskiego Towarzystwa Fizycznego obj\u0105\u0142<\/p><p>patronatem honorowym obchody <strong>XX \u015awi\u0119ta Liczby \u03c0<\/strong> na Uniwersytecie \u015al\u0105skim w Katowicach. Wydarzenie odb\u0119dzie si\u0119 na Wydziale Nauk \u015acis\u0142ych i Technicznych, po\u0142o\u017conym w kampusie katowickim, chorzowskim oraz sosnowieckim, przez dwa dni, pocz\u0105wszy od dnia poprzedzaj\u0105cego dzie\u0144 \u03c0 (w notacji ameryka\u0144skiej 3\/14), czyli <strong>w pi\u0105tek 13 marca 2026 r.<\/strong> (rozpocz\u0119cie o godz. 9:42 (3\u03c0)) oraz <strong>sobot\u0119 14 marca 2026 r. <\/strong><\/p><p>\u015awi\u0119to Liczby \u03c0 pozwala na sp\u0119dzenie czasu na dobrej zabawie, przybli\u017caj\u0105cej osi\u0105gni\u0119cia matematyki i dziedzin buduj\u0105cych nowe teorie i zastosowania, wykorzystuj\u0105c jej j\u0119zyk.<br \/>Liczne konkursy, gry, zabawy logiczne, pokazy eksperyment\u00f3w fizycznych i chemicznych, symulacji komputerowych, prezentacje i wyk\u0142ady sk\u0142adaj\u0105 si\u0119 na barwny obraz \u015bwi\u0119ta, otwartego szczeg\u00f3lnie na uczni\u00f3w i student\u00f3w.<\/p><p>Wyj\u0105tkowe miejsce w\u015br\u00f3d solenizantek dnia \u03c0 zajmuje fizyka.<\/p><p>Szczeg\u00f3\u0142y:<br \/><a href=\"https:\/\/swietopi.pl\">https:\/\/swietopi.pl<\/a><br \/><a href=\"https:\/\/www.facebook.com\/swietoliczbypi\">https:\/\/www.facebook.com\/swietoliczbypi<\/a><\/p><hr \/><p>Katowicki oddzia\u0142 PTF zaprasza:<br \/>Jak to mo\u017cliwe, \u017ce cz\u0105stka mo\u017ce by\u0107 w dw\u00f3ch miejscach naraz? Czy spl\u0105tanie dzia\u0142a na odleg\u0142o\u015b\u0107? I co fizyka kwantowa ma wsp\u00f3lnego z komputerami przysz\u0142o\u015bci, r\u00f3wnie\u017c tymi umo\u017cliwiaj\u0105cymi rozw\u00f3j AI?<br \/>Zapraszamy uczni\u00f3w szk\u00f3\u0142 \u015brednich i nauczycieli na wyj\u0105tkowe spotkanie z nauk\u0105, kt\u00f3ra zmienia nasz spos\u00f3b my\u015blenia o \u015bwiecie i kszta\u0142tuje technologie jutra &#8211; V Grudniowe Sympozjum Tematyczne Instytutu Fizyki im. Augusta Che\u0142kowskiego pt. <strong><em>Kwantowy \u015bwiat: czy wiemy ju\u017c, czego nie wiemy?<\/em><\/strong> Wydarzenie w ramach obchod\u00f3w Mi\u0119dzynarodowego Roku Nauki i Technologii Kwantowej odb\u0119dzie si\u0119 <strong>11.12.2025 r.<\/strong> w <strong>Kampusie Chorz\u00f3w<\/strong> przy ul. 75 Pu\u0142ku Piechoty 1A w Chorzowie i jest <strong>wsp\u00f3\u0142organizowane przez PTF<\/strong>.<br \/>W programie s\u0105 wyst\u0105pienia profesor\u00f3w akademickich, popularyzator\u00f3w nauki oraz przedstawicieli \u015bwiata biznesu, kt\u00f3rzy poka\u017c\u0105, jak fizyka kwantowa znajduje zastosowanie w przemy\u015ble i informatyce.<br \/>Strona wydarzenia: <a href=\"https:\/\/indico.us.edu.pl\/event\/40\/\">https:\/\/indico.us.edu.pl\/event\/40\/<\/a><br \/>Rejestracja: <strong>18.11.-07.12.2025 r.<\/strong><br \/>Przewidziano transmisj\u0119 na YouTube.<\/p><p><a href=\"https:\/\/indico.us.edu.pl\/event\/40\/\"><img decoding=\"async\" src=\"https:\/\/indico.us.edu.pl\/event\/40\/logo-761522044.png\" alt=\"Plakat V Grudniowego Sympozjum Tematycznego Instytutu Fizyki im. A. Che\u0142kowskiego: \" width=\"2617\" height=\"1408\" \/><\/a><\/p><hr \/><p><a href=\"https:\/\/www.ptf.us.edu.pl\/wordpress\/wp-content\/uploads\/2015\/01\/0001.jpg\" rel=\"attachment wp-att-912\"><img loading=\"lazy\" decoding=\"async\" src=\"https:\/\/www.ptf.us.edu.pl\/wordpress\/wp-content\/uploads\/2015\/01\/0001.jpg\" alt=\"Logo PTF z napisem Warto wiedzie\u0107 wi\u0119cej i link\" width=\"212\" height=\"300\" \/><\/a><\/p><p>Szanowni Pa\u0144stwo,<\/p><p><strong>\u00a0 \u00a0 \u00a0 \u00a0 \u00a0<\/strong> Ju\u017c w 1920 roku W\u0142adys\u0142aw Natanson na zje\u017adzie za\u0142o\u017cycielskim Towarzystwa Fizycznego jako jedno z jego najwa\u017cniejszych zada\u0144 wymieni\u0142 \u201egorliwie i wiernie s\u0142u\u017cy\u0107 Narodowi naszemu\u2026przyczyni\u0107 si\u0119 do post\u0119pu\u2026 spe\u0142nia\u0107 nasz obowi\u0105zek wzgl\u0119dem przysz\u0142ych pokole\u0144\u201d.<\/p><p>W naszym wsp\u00f3lnym interesie\u00a0 jest aby istnia\u0142a pr\u0119\u017cna organizacja, wok\u00f3\u0142 kt\u00f3rej mo\u017cna skupi\u0107 dzia\u0142ania \u015brodowiskowe, daj\u0105ca potencjaln\u0105 mo\u017cliwo\u015b\u0107 oddzia\u0142ywania cho\u0107by na polityk\u0119 w\u0142adz w zakresie nauki i edukacji.<\/p><p>Fizyka to tak\u017ce niezwyk\u0142a przygoda intelektualna i dobra zabawa.<\/p><p>Istnieje wi\u0119c wiele powod\u00f3w dla kt\u00f3rych warto dzieli\u0107 si\u0119 swoj\u0105 wiedz\u0105, do\u015bwiadczeniem, pasj\u0105 i bra\u0107 czynny udzia\u0142 w pracach Towarzystwa.<\/p><p>Zach\u0119camy wi\u0119c serdecznie nauczycieli fizyki, pe\u0142noletnich uczni\u00f3w, student\u00f3w, doktorant\u00f3w, pracownik\u00f3w naukowych, pasjonat\u00f3w fizyki, do wst\u0105pienia i czynnego udzia\u0142u w pracach Polskiego Towarzystwa Fizycznego.<br \/><strong><br \/><\/strong>\u00a0Szczeg\u00f3\u0142y dotycz\u0105ce programu, cel\u00f3w, warunk\u00f3w cz\u0142onkostwa w PTF mo\u017cna znale\u017a\u0107 na poszczeg\u00f3lnych zak\u0142adkach strony Towarzystwa.<strong><br \/><\/strong><\/p><p>Z wyrazami szacunku,<\/p><p>Zarz\u0105d Polskiego Towarzystwa Fizycznego, Oddzia\u0142 w Katowicach<\/p><p><strong>List do nauczycieli fizyki \u00a0i \u00a0innych nauk przyrodniczych:\u00a0<a href=\"https:\/\/www.ptf.us.edu.pl\/wordpress\/wp-content\/uploads\/2015\/01\/PTFdoNauczycieli1.pdf\">PTF do nauczycieli<\/a><\/strong><\/p><p><a href=\"http:\/\/www.ptf.net.pl\/pl\/\" target=\"_blank\" rel=\"noopener\">Link do:\u00a0 Polskie Towarzystwo Fizyczne (Strona G\u0142\u00f3wna)<\/a><\/p>\t\t\t\t\t\t\t\t<\/div>\n\t\t\t\t<\/div>\n\t\t\t\t\t<\/div>\n\t\t<\/div>\n\t\t\t\t<div class=\"elementor-column elementor-col-50 elementor-top-column elementor-element elementor-element-8ccb389\" data-id=\"8ccb389\" data-element_type=\"column\" data-e-type=\"column\">\n\t\t\t<div class=\"elementor-widget-wrap elementor-element-populated\">\n\t\t\t\t\t\t<div class=\"elementor-element elementor-element-71854d4 elementor-widget elementor-widget-sidebar\" data-id=\"71854d4\" data-element_type=\"widget\" data-e-type=\"widget\" data-widget_type=\"sidebar.default\">\n\t\t\t\t<div class=\"elementor-widget-container\">\n\t\t\t\t\t<aside id=\"rpwe_widget-3\" class=\"widget rpwe_widget recent-posts-extended\"><h3 class=\"widget-title\">Aktualne seminarium:<\/h3><div  class=\"rpwe-block\"><ul class=\"rpwe-ul\"><li class=\"rpwe-li rpwe-clearfix\"><h3 class=\"rpwe-title\"><a href=\"https:\/\/www.ptf.us.edu.pl\/wordpress\/?p=1562\" target=\"_self\">04.12.2025 \u2013 Konwersatorium PTF \u2013 Jaros\u0142aw Majewski \u201eStudia i mo\u017cliwo\u015bci kariery naukowej w USA\u201d<\/a><\/h3><\/li><\/ul><strong>Konwersatoria odbywaj\u0105 si\u0119 zwykle w czwartki o godz. 16.00, hybrydowo z transmisj\u0105 na platformie MS Teams <\/strong>\r\n<br>\r\n<div style=\"text-align: justify\">\r\nOsoby zainteresowane publikacj\u0105 ciekawych artyku\u0142\u00f3w naukowych lub opisuj\u0105cych interesuj\u0105ce wydarzenia zwi\u0105zane z fizyk\u0105 w naszym regionie proszone s\u0105 o kontakt, ptf@us.edu.pl\r\n<\/div><\/div><!-- Generated by http:\/\/wordpress.org\/plugins\/recent-posts-widget-extended\/ --><\/aside><aside id=\"rpwe_widget-2\" class=\"widget rpwe_widget recent-posts-extended\"><style>.rpwe-block ul{\r\nlist-style: none !important;\r\nmargin-left: 0 !important;\r\npadding-left: 0 !important;\r\n}\r\n\r\n.rpwe-block li{\r\nborder-bottom: 1px solid #eee;\r\nmargin-bottom: 10px;\r\npadding-bottom: 10px;\r\nlist-style-type: none;\r\n}\r\n\r\n.rpwe-block a{\r\ndisplay: inline !important;\r\ntext-decoration: none;\r\n}\r\n\r\n.rpwe-block h3{\r\nbackground: none !important;\r\nclear: none;\r\nmargin-bottom: 0 !important;\r\nmargin-top: 0 !important;\r\nfont-weight: 400;\r\nfont-size: 12px !important;\r\nline-height: 1.5em;\r\n}\r\n\r\n.rpwe-thumb{\r\nborder: 1px solid #eee !important;\r\nbox-shadow: none !important;\r\nmargin: 2px 10px 2px 0;\r\npadding: 3px !important;\r\n}\r\n\r\n.rpwe-summary{\r\nfont-size: 12px;\r\n}\r\n\r\n.rpwe-time{\r\ncolor: #bbb;\r\nfont-size: 11px;\r\n}\r\n\r\n.rpwe-alignleft{\r\ndisplay: inline;\r\nfloat: left;\r\n}\r\n\r\n.rpwe-alignright{\r\ndisplay: inline;\r\nfloat: right;\r\n}\r\n\r\n.rpwe-aligncenter{\r\ndisplay: block;\r\nmargin-left: auto;\r\nmargin-right: auto;\r\n}\r\n\r\n.rpwe-clearfix:before,\r\n.rpwe-clearfix:after{\r\ncontent: &quot;&quot;;\r\ndisplay: table !important;\r\n}\r\n\r\n.rpwe-clearfix:after{\r\nclear: both;\r\n}\r\n\r\n.rpwe-clearfix{\r\nzoom: 1;\r\n}\r\n<\/style><h3 class=\"widget-title\">Najnowsze wpisy:<\/h3><div  class=\"rpwe-block\"><ul class=\"rpwe-ul\"><li class=\"rpwe-li rpwe-clearfix\"><h3 class=\"rpwe-title\"><a href=\"https:\/\/www.ptf.us.edu.pl\/wordpress\/?p=1610\" target=\"_self\">Post\u0119py Fizyki 1\/2026 &#8211; nowa koncepcja i szata graficzna<\/a><\/h3><\/li><li class=\"rpwe-li rpwe-clearfix\"><h3 class=\"rpwe-title\"><a href=\"https:\/\/www.ptf.us.edu.pl\/wordpress\/?p=1589\" target=\"_self\">13-14.03.2026: XX \u015awi\u0119to Liczby \u03c0<\/a><\/h3><\/li><li class=\"rpwe-li rpwe-clearfix\"><h3 class=\"rpwe-title\"><a href=\"https:\/\/www.ptf.us.edu.pl\/wordpress\/?p=1542\" target=\"_self\">23.10.2025 &#8211; Konwersatorium PTF &#8211; Tadeusz Firszt &#8222;Zapomniana my\u015bl Artura Stanleya Eddingtona. Model S\u0142o\u0144ca z \u03c1(0)=0&#8221;<\/a><\/h3><\/li><\/ul><\/div><!-- Generated by http:\/\/wordpress.org\/plugins\/recent-posts-widget-extended\/ --><\/aside>\t\t\t\t<\/div>\n\t\t\t\t<\/div>\n\t\t\t\t\t<\/div>\n\t\t<\/div>\n\t\t\t\t\t<\/div>\n\t\t<\/section>\n\t\t\t\t<\/div>\n\t\t","protected":false},"excerpt":{"rendered":"<p>Zapraszamy do lektury najnowszego numeru Post\u0119p\u00f3w Fizyki. Jest to pierwszy numer, w kt\u00f3ry praca nowej redakcji, starannie dobranej przez zwyci\u0119zc\u0119 zesz\u0142orocznego konkursu na Redaktora Naczelnego czasopisma, prof. dr. hab. Jerzego Garbarczyka z Politechniki Warszawskiej, pe\u0142ni\u0105cego swoj\u0105 funkcj\u0119 od 1 stycznia 2026, wpisa\u0142a si\u0119 g\u0142\u0119bok\u0105 reform\u0105 koncepcyjn\u0105 oraz od\u015bwie\u017ceniem szaty graficznej. Wersja elektroniczna czasopisma jest ca\u0142kowicie &hellip; <a href=\"https:\/\/www.ptf.us.edu.pl\/wordpress\/?p=1542\" class=\"more-link\">Czytaj dalej <span class=\"screen-reader-text\">23.10.2025 &#8211; Konwersatorium PTF &#8211; Tadeusz Firszt &#8222;Zapomniana my\u015bl Artura Stanleya Eddingtona. Model S\u0142o\u0144ca z \u03c1(0)=0&#8221;<\/span> <span class=\"meta-nav\">&rarr;<\/span><\/a><\/p>\n","protected":false},"author":1,"featured_media":0,"parent":0,"menu_order":0,"comment_status":"closed","ping_status":"closed","template":"","meta":{"footnotes":""},"class_list":["post-20","page","type-page","status-publish","hentry"],"_links":{"self":[{"href":"https:\/\/www.ptf.us.edu.pl\/wordpress\/index.php?rest_route=\/wp\/v2\/pages\/20","targetHints":{"allow":["GET"]}}],"collection":[{"href":"https:\/\/www.ptf.us.edu.pl\/wordpress\/index.php?rest_route=\/wp\/v2\/pages"}],"about":[{"href":"https:\/\/www.ptf.us.edu.pl\/wordpress\/index.php?rest_route=\/wp\/v2\/types\/page"}],"author":[{"embeddable":true,"href":"https:\/\/www.ptf.us.edu.pl\/wordpress\/index.php?rest_route=\/wp\/v2\/users\/1"}],"replies":[{"embeddable":true,"href":"https:\/\/www.ptf.us.edu.pl\/wordpress\/index.php?rest_route=%2Fwp%2Fv2%2Fcomments&post=20"}],"version-history":[{"count":136,"href":"https:\/\/www.ptf.us.edu.pl\/wordpress\/index.php?rest_route=\/wp\/v2\/pages\/20\/revisions"}],"predecessor-version":[{"id":1622,"href":"https:\/\/www.ptf.us.edu.pl\/wordpress\/index.php?rest_route=\/wp\/v2\/pages\/20\/revisions\/1622"}],"wp:attachment":[{"href":"https:\/\/www.ptf.us.edu.pl\/wordpress\/index.php?rest_route=%2Fwp%2Fv2%2Fmedia&parent=20"}],"curies":[{"name":"wp","href":"https:\/\/api.w.org\/{rel}","templated":true}]}}