{"id":29,"date":"2015-01-04T22:35:55","date_gmt":"2015-01-04T22:35:55","guid":{"rendered":"http:\/\/www.ptf.us.edu.pl\/wordpress\/?page_id=29"},"modified":"2021-02-08T14:46:35","modified_gmt":"2021-02-08T14:46:35","slug":"29-2","status":"publish","type":"page","link":"https:\/\/www.ptf.us.edu.pl\/wordpress\/?page_id=29","title":{"rendered":"Cz\u0142onkostwo"},"content":{"rendered":"<h3>Do\u0142\u0105cz do Polskiego Towarzystwa Fizycznego<\/h3>\n<h4><span style=\"color: #333333;\">Warunki cz\u0142onkostwa<\/span><\/h4>\n<div class=\"text_area\">\n<p><span class=\"b\"><span class=\"b\">PTF<\/span><\/span> tworz\u0105 cz\u0142onkowie zwyczajni, cz\u0142onkowie honorowi i cz\u0142onkowie wspieraj\u0105cy.<\/p>\n<p>Cz\u0142onkowie zwyczajni:<\/p>\n<ul class=\"lista\">\n<li>Cz\u0142onkiem zwyczajnym mo\u017ce by\u0107 pe\u0142noletni obywatel polski lub cudzoziemiec.<\/li>\n<li>Decyzj\u0119 o przyj\u0119ciu podejmuje Zarz\u0105d Oddzia\u0142u <span class=\"b\">PTF<\/span> wskazany przez kandydata w pisemnej deklaracji przyst\u0105pienia do <span class=\"b\">PTF<\/span>, zawieraj\u0105cej poparcie dwu cz\u0142onk\u00f3w zwyczajnych <span class=\"b\">PTF<\/span>.<\/li>\n<\/ul>\n<p>Cz\u0142onkowie wspieraj\u0105cy:<\/p>\n<ul class=\"lista\">\n<li>Ten rodzaj udzia\u0142u w \u017cyciu <span class=\"b\">PTF<\/span> utworzony zosta\u0142 z my\u015bl\u0105 o osobach i instytucjach, kt\u00f3re nie s\u0105 bezpo\u015brednio zwi\u0105zane z fizyk\u0105, a kt\u00f3re chc\u0105 zadeklarowa\u0107 swoje zainteresowanie fizyk\u0105 jako dyscyplin\u0105 nauki i techniki oraz szeroko poj\u0119t\u0105 edukacj\u0105 w zakresie fizyki.<\/li>\n<li>Status cz\u0142onka wspieraj\u0105cego nadaje Zarz\u0105d G\u0142\u00f3wny <span class=\"b\">PTF<\/span> lub Zarz\u0105d Oddzia\u0142u <span class=\"b\">PTF<\/span> na okres jednego roku osobie fizycznej lub prawnej, a tak\u017ce innej organizacji zainteresowanej merytoryczn\u0105 dzia\u0142alno\u015bci\u0105 <span class=\"b\">PTF<\/span>, po wniesieniu ustalonej kwoty pieni\u0119\u017cnej lub innej korzy\u015bci maj\u0105tkowej.<\/li>\n<li>Cz\u0142onkowi wspieraj\u0105cemu nie przys\u0142uguje ani czynne ani bierne prawo wyborcze.<\/li>\n<\/ul>\n<p>Cz\u0142onkostwo honorowe nadaje do\u017cywotnio Zebranie Delegat\u00f3w <span class=\"b\">PTF<\/span> osobie, kt\u00f3ra po\u0142o\u017cy\u0142a szczeg\u00f3lne zas\u0142ugi dla <span class=\"b\">PTF<\/span> lub ma wybitne osi\u0105gni\u0119cia w dziedzinie fizyki albo nauk pokrewnych.<\/p>\n<h4><span style=\"color: #333333;\">Procedura przyj\u0119cia<\/span><\/h4>\n<ul class=\"lista\">\n<li>Z\u0142o\u017cenie deklaracji cz\u0142onkowskiej cz\u0142onkowi Zarz\u0105du: <a href=\"http:\/\/www.ptf.net.pl\/media\/cms_page_media\/166\/Deklaracja_Czlonkowska_III2013.pdf\" target=\"_blank\" rel=\"noopener\">pdf<\/a> (maile kontaktowe na podstronie\u00a0 &#8222;Zarz\u0105d&#8221;)<\/li>\n<li>\u00a0Po uzyskaniu decyzji Zarz\u0105du, sekretarz Oddzia\u0142u wy\u015ble nowo przyj\u0119temu cz\u0142onkowi stosowne zawiadomienie.<\/li>\n<li>Cz\u0142onkostwo w Towarzystwie wi\u0105\u017ce si\u0119 z corocznymi op\u0142atami, szczeg\u00f3\u0142y mo\u017cna znale\u017a\u0107 na stronie g\u0142\u00f3wnej PTF: <a title=\"Do\u0142\u0105cz do PTF\" href=\"http:\/\/www.ptf.net.pl\/czlonkostwo\/dolacz-do-ptf\/\">http:\/\/www.ptf.net.pl\/czlonkostwo\/dolacz-do-ptf\/<\/a>\u00a0.<\/li>\n<p><!--\t\n\n<li>Lista os\u00f3b, kt\u00f3re op\u0142aci\u0142y sk\u0142adki za 2015 rok: <a href=\"https:\/\/www.ptf.us.edu.pl\/wordpress\/?page_id=383\">lista<\/a><\/li>\n\n\n\t\n\n<li>Lista os\u00f3b, kt\u00f3re op\u0142aci\u0142y sk\u0142adki za 2016 rok: <a href=\"https:\/\/www.ptf.us.edu.pl\/wordpress\/?page_id=550\">lista<\/a><\/li>\n\n\n\n\n<li>Lista os\u00f3b, kt\u00f3re op\u0142aci\u0142y sk\u0142adki za 2017 rok: <a href=\"https:\/\/www.ptf.us.edu.pl\/wordpress\/?page_id=671\">lista<\/a><\/li>\n\n\n\n\n<li>Lista os\u00f3b, kt\u00f3re op\u0142aci\u0142y sk\u0142adki za 2018 rok: <a href=\"https:\/\/www.ptf.us.edu.pl\/wordpress\/?page_id=764\">lista<\/a><\/li>\n\n\n-->\n<\/ul>\n<p>Statut Towarzystwa: <a href=\"http:\/\/www.ptf.net.pl\/media\/cms_page_media\/411\/StatutuTekstJednolity_poprawiony_10_9_2013_KRS.pdf\" target=\"_blank\" rel=\"noopener\">pdf<\/a><\/p>\n<p>&nbsp;<\/p>\n<hr \/>\n<p>&nbsp;<\/p>\n<div class=\"page_content_right\"><!--\n\n\n<h3>Sk\u0142adki cz\u0142onkowskie:<\/h3>\n\n\n\n\n<div class=\"text_area\">\n\nGor\u0105co zach\u0119camy wszystkich cz\u0142onk\u00f3w <span class=\"b\">PTF<\/span> do op\u0142acania sk\u0142adek cz\u0142onkowskich za rok 2016. Sk\u0142adk\u0119 nale\u017cy wp\u0142aci\u0107 bezpo\u015brednio na rachunek bankowy Zarz\u0105du G\u0142\u00f3wnego <span class=\"b\">PTF<\/span> (<span class=\"uwaga\">Uwaga, jest to inny rachunek ni\u017c w roku ubieg\u0142ym<\/span>):\n\n<span class=\"numer_konta\"> 50 1030 0019 0109 8533 0003 8362<\/span>\n\nNiebawem uruchomiony zostanie tak\u017ce modu\u0142 umo\u017cliwiaj\u0105cy wnoszenie p\u0142atno\u015bci\nza po\u015brednictwem strony internetowej <span class=\"b\">ZG PTF<\/span>.\nWysoko\u015b\u0107 sk\u0142adek zgodnie z uchwa\u0142\u0105 Zarz\u0105du G\u0142\u00f3wnego <span class=\"b\">PTF<\/span> z dnia 22.01.2013 uczniowie, studenci i doktoranci przyjmowani po raz pierwszy do <span class=\"b\">PTF<\/span> przez dwa lata od chwili przyj\u0119cia p\u0142ac\u0105 obni\u017con\u0105 sk\u0142adk\u0119 w wysoko\u015bci 10 z\u0142.\n\nWysoko\u015bci sk\u0142adek dla pozosta\u0142ych cz\u0142onk\u00f3w s\u0105 takie same jak w poprzednim roku:\n\n\n<div class=\"lista_czlonkow\">\n\n\n<table class=\"czlonkowie\">\n\n\n<tbody>\n\n\n<tr>\n\n\n<td>osoby nieposiadaj\u0105ce stopnia naukowego doktora<\/td>\n\n\n\n\n<td>40 z\u0142<\/td>\n\n\n<\/tr>\n\n\n\n\n<tr>\n\n\n<td>osoby posiadaj\u0105ce stopie\u0144 naukowy doktora<\/td>\n\n\n\n\n<td>80 z\u0142<\/td>\n\n\n<\/tr>\n\n\n\n\n<tr>\n\n\n<td>osoby posiadaj\u0105ce stopie\u0144 naukowy dr hab. lub tytu\u0142 profesora<\/td>\n\n\n\n\n<td>120 z\u0142<\/td>\n\n\n<\/tr>\n\n\n\n\n<tr>\n\n\n<td>emeryci<\/td>\n\n\n\n\n<td>40 z\u0142<\/td>\n\n\n<\/tr>\n\n\n<\/tbody>\n\n\n<\/table>\n\n\n<\/div>\n\n\nSk\u0142adka powinna by\u0107 op\u0142acona jednorazowo do <span class=\"b\">31 marca<\/span>. <a href=\"http:\/\/www.ptf.pwr.wroc.pl\/docs\/druk_skladki.pdf\" target=\"_blank\" rel=\"noopener\">Pobierz druk przelewu<\/a>.\n\n<\/div>\n\n\n<\/div>\n\n\n--><\/div>\n<\/div>\n","protected":false},"excerpt":{"rendered":"<p>Do\u0142\u0105cz do Polskiego Towarzystwa Fizycznego Warunki cz\u0142onkostwa PTF tworz\u0105 cz\u0142onkowie zwyczajni, cz\u0142onkowie honorowi i cz\u0142onkowie wspieraj\u0105cy. Cz\u0142onkowie zwyczajni: Cz\u0142onkiem zwyczajnym mo\u017ce by\u0107 pe\u0142noletni obywatel polski lub cudzoziemiec. Decyzj\u0119 o przyj\u0119ciu podejmuje Zarz\u0105d Oddzia\u0142u PTF wskazany przez kandydata w pisemnej deklaracji przyst\u0105pienia do PTF, zawieraj\u0105cej poparcie dwu cz\u0142onk\u00f3w zwyczajnych PTF. Cz\u0142onkowie wspieraj\u0105cy: Ten rodzaj udzia\u0142u w &hellip; <a href=\"https:\/\/www.ptf.us.edu.pl\/wordpress\/?page_id=29\" class=\"more-link\">Czytaj dalej <span class=\"screen-reader-text\">Cz\u0142onkostwo<\/span> <span class=\"meta-nav\">&rarr;<\/span><\/a><\/p>\n","protected":false},"author":1,"featured_media":0,"parent":0,"menu_order":0,"comment_status":"closed","ping_status":"closed","template":"","meta":{"footnotes":""},"class_list":["post-29","page","type-page","status-publish","hentry"],"_links":{"self":[{"href":"https:\/\/www.ptf.us.edu.pl\/wordpress\/index.php?rest_route=\/wp\/v2\/pages\/29","targetHints":{"allow":["GET"]}}],"collection":[{"href":"https:\/\/www.ptf.us.edu.pl\/wordpress\/index.php?rest_route=\/wp\/v2\/pages"}],"about":[{"href":"https:\/\/www.ptf.us.edu.pl\/wordpress\/index.php?rest_route=\/wp\/v2\/types\/page"}],"author":[{"embeddable":true,"href":"https:\/\/www.ptf.us.edu.pl\/wordpress\/index.php?rest_route=\/wp\/v2\/users\/1"}],"replies":[{"embeddable":true,"href":"https:\/\/www.ptf.us.edu.pl\/wordpress\/index.php?rest_route=%2Fwp%2Fv2%2Fcomments&post=29"}],"version-history":[{"count":26,"href":"https:\/\/www.ptf.us.edu.pl\/wordpress\/index.php?rest_route=\/wp\/v2\/pages\/29\/revisions"}],"predecessor-version":[{"id":1019,"href":"https:\/\/www.ptf.us.edu.pl\/wordpress\/index.php?rest_route=\/wp\/v2\/pages\/29\/revisions\/1019"}],"wp:attachment":[{"href":"https:\/\/www.ptf.us.edu.pl\/wordpress\/index.php?rest_route=%2Fwp%2Fv2%2Fmedia&parent=29"}],"curies":[{"name":"wp","href":"https:\/\/api.w.org\/{rel}","templated":true}]}}