{"id":67,"date":"2015-01-05T12:59:07","date_gmt":"2015-01-05T12:59:07","guid":{"rendered":"http:\/\/www.ptf.us.edu.pl\/wordpress\/?page_id=67"},"modified":"2022-01-18T12:27:11","modified_gmt":"2022-01-18T12:27:11","slug":"kontakt","status":"publish","type":"page","link":"https:\/\/www.ptf.us.edu.pl\/wordpress\/?page_id=67","title":{"rendered":"Kontakt"},"content":{"rendered":"<h5 style=\"text-align: left;\"><a href=\"http:\/\/www.ptf.net.pl\/pl\/\" target=\"_blank\" rel=\"noopener\">Link do:\u00a0 Polskie Towarzystwo Fizyczne<\/a><\/h5>\n<p>Dane kontaktowe dla oddzia\u0142u:<br \/>\n<strong>Polskie Towarzystwo Fizyczne, Oddzia\u0142 Katowicki<\/strong><br \/>\n<strong><span style=\"color: #333333;\">Instytut Fizyki<\/span><\/strong><br \/>\nptf@us.edu.pl<br \/>\n<a title=\"http:\/\/ptf.us.edu.pl\" href=\"http:\/\/ptf.us.edu.pl\" target=\"_blank\" rel=\"noopener\">http:\/\/ptf.us.edu.pl<\/a><br \/>\nAdres do korespondencji:<br \/>\nPolskie Towarzystwo Fizyczne Oddzia\u0142 w Katowicach<br \/>\nInstytut Fizyku U\u015a<br \/>\n75 Pu\u0142ku Piechoty 1<br \/>\n41-500 Chorz\u00f3w<\/p>\n<p>[osm_map lat=&#8221;50.2946&#8243; lon=&#8221;18.9355&#8243; zoom=&#8221;18&#8243; width=&#8221;100%&#8221; height=&#8221;450&#8243; control=&#8221;mouseposition,scaleline&#8221; map_border=&#8221;thin solid blue&#8221; theme=&#8221;ol&#8221; marker=&#8221;50.29460, 18.9356&#8243; marker_name=&#8221;mic_black_pin-export_01.png&#8221; type=&#8221;Mapnik&#8221;]<\/p>\n<p>&nbsp;<\/p>\n","protected":false},"excerpt":{"rendered":"<p>Link do:\u00a0 Polskie Towarzystwo Fizyczne Dane kontaktowe dla oddzia\u0142u: Polskie Towarzystwo Fizyczne, Oddzia\u0142 Katowicki Instytut Fizyki ptf@us.edu.pl http:\/\/ptf.us.edu.pl Adres do korespondencji: Polskie Towarzystwo Fizyczne Oddzia\u0142 w Katowicach Instytut Fizyku U\u015a 75 Pu\u0142ku Piechoty 1 41-500 Chorz\u00f3w [osm_map lat=&#8221;50.2946&#8243; lon=&#8221;18.9355&#8243; zoom=&#8221;18&#8243; width=&#8221;100%&#8221; height=&#8221;450&#8243; control=&#8221;mouseposition,scaleline&#8221; map_border=&#8221;thin solid blue&#8221; theme=&#8221;ol&#8221; marker=&#8221;50.29460, 18.9356&#8243; marker_name=&#8221;mic_black_pin-export_01.png&#8221; type=&#8221;Mapnik&#8221;] &nbsp;<\/p>\n","protected":false},"author":1,"featured_media":0,"parent":0,"menu_order":0,"comment_status":"closed","ping_status":"closed","template":"","meta":{"footnotes":""},"class_list":["post-67","page","type-page","status-publish","hentry"],"_links":{"self":[{"href":"https:\/\/www.ptf.us.edu.pl\/wordpress\/index.php?rest_route=\/wp\/v2\/pages\/67","targetHints":{"allow":["GET"]}}],"collection":[{"href":"https:\/\/www.ptf.us.edu.pl\/wordpress\/index.php?rest_route=\/wp\/v2\/pages"}],"about":[{"href":"https:\/\/www.ptf.us.edu.pl\/wordpress\/index.php?rest_route=\/wp\/v2\/types\/page"}],"author":[{"embeddable":true,"href":"https:\/\/www.ptf.us.edu.pl\/wordpress\/index.php?rest_route=\/wp\/v2\/users\/1"}],"replies":[{"embeddable":true,"href":"https:\/\/www.ptf.us.edu.pl\/wordpress\/index.php?rest_route=%2Fwp%2Fv2%2Fcomments&post=67"}],"version-history":[{"count":16,"href":"https:\/\/www.ptf.us.edu.pl\/wordpress\/index.php?rest_route=\/wp\/v2\/pages\/67\/revisions"}],"predecessor-version":[{"id":319,"href":"https:\/\/www.ptf.us.edu.pl\/wordpress\/index.php?rest_route=\/wp\/v2\/pages\/67\/revisions\/319"}],"wp:attachment":[{"href":"https:\/\/www.ptf.us.edu.pl\/wordpress\/index.php?rest_route=%2Fwp%2Fv2%2Fmedia&parent=67"}],"curies":[{"name":"wp","href":"https:\/\/api.w.org\/{rel}","templated":true}]}}